{"id":8466,"date":"2025-12-04T16:00:48","date_gmt":"2025-12-04T15:00:48","guid":{"rendered":"https:\/\/handballveszpremshop.hu\/?post_type=product&#038;p=8466"},"modified":"2025-12-04T16:36:07","modified_gmt":"2025-12-04T15:36:07","slug":"veszprem-cimeres-piros-szinu-akryl-karacsonyfagomb","status":"publish","type":"product","link":"https:\/\/handballveszpremshop.hu\/en\/termek\/veszprem-cimeres-piros-szinu-akryl-karacsonyfagomb\/","title":{"rendered":"Veszpr\u00e9m c\u00edmeres, piros sz\u00edn\u0171, akryl kar\u00e1csonyfag\u00f6mb"},"content":{"rendered":"","protected":false},"excerpt":{"rendered":"","protected":false},"featured_media":8479,"comment_status":"open","ping_status":"closed","template":"","meta":{"_acf_changed":false},"product_brand":[],"product_cat":[15,40],"product_tag":[],"class_list":{"0":"post-8466","1":"product","2":"type-product","3":"status-publish","4":"has-post-thumbnail","6":"product_cat-egyeb","7":"product_cat-szezonalis-termekek","9":"first","10":"instock","11":"taxable","12":"shipping-taxable","13":"purchasable","14":"product-type-simple"},"acf":{"nagy_weboldalon":false},"wcpa_form_fields":null,"_links":{"self":[{"href":"https:\/\/handballveszpremshop.hu\/en\/wp-json\/wp\/v2\/product\/8466","targetHints":{"allow":["GET"]}}],"collection":[{"href":"https:\/\/handballveszpremshop.hu\/en\/wp-json\/wp\/v2\/product"}],"about":[{"href":"https:\/\/handballveszpremshop.hu\/en\/wp-json\/wp\/v2\/types\/product"}],"replies":[{"embeddable":true,"href":"https:\/\/handballveszpremshop.hu\/en\/wp-json\/wp\/v2\/comments?post=8466"}],"version-history":[{"count":2,"href":"https:\/\/handballveszpremshop.hu\/en\/wp-json\/wp\/v2\/product\/8466\/revisions"}],"predecessor-version":[{"id":8476,"href":"https:\/\/handballveszpremshop.hu\/en\/wp-json\/wp\/v2\/product\/8466\/revisions\/8476"}],"wp:featuredmedia":[{"embeddable":true,"href":"https:\/\/handballveszpremshop.hu\/en\/wp-json\/wp\/v2\/media\/8479"}],"wp:attachment":[{"href":"https:\/\/handballveszpremshop.hu\/en\/wp-json\/wp\/v2\/media?parent=8466"}],"wp:term":[{"taxonomy":"product_brand","embeddable":true,"href":"https:\/\/handballveszpremshop.hu\/en\/wp-json\/wp\/v2\/product_brand?post=8466"},{"taxonomy":"product_cat","embeddable":true,"href":"https:\/\/handballveszpremshop.hu\/en\/wp-json\/wp\/v2\/product_cat?post=8466"},{"taxonomy":"product_tag","embeddable":true,"href":"https:\/\/handballveszpremshop.hu\/en\/wp-json\/wp\/v2\/product_tag?post=8466"}],"curies":[{"name":"wp","href":"https:\/\/api.w.org\/{rel}","templated":true}]}}