{"id":7047,"date":"2025-11-29T00:29:39","date_gmt":"2025-11-28T23:29:39","guid":{"rendered":"https:\/\/handballveszpremshop.hu\/?post_type=product&#038;p=7047"},"modified":"2025-11-29T00:31:36","modified_gmt":"2025-11-28T23:31:36","slug":"veszprem-cimeres-piros-nemzeti-szinu-szurkoloi-sal","status":"publish","type":"product","link":"https:\/\/handballveszpremshop.hu\/en\/termek\/veszprem-cimeres-piros-nemzeti-szinu-szurkoloi-sal\/","title":{"rendered":"Veszpr\u00e9m c\u00edmeres piros\/nemzeti sz\u00edn\u0171 szurkol\u00f3i s\u00e1l"},"content":{"rendered":"","protected":false},"excerpt":{"rendered":"<p>A piros oldal\u00e1n Handball Veszpr\u00e9m &#8211; Red United felirattal<\/p>\n","protected":false},"featured_media":6966,"comment_status":"open","ping_status":"closed","template":"","meta":{"_acf_changed":false},"product_brand":[],"product_cat":[46,33],"product_tag":[],"class_list":{"0":"post-7047","1":"product","2":"type-product","3":"status-publish","4":"has-post-thumbnail","6":"product_cat-kiegeszitok","7":"product_cat-ruhazat","9":"first","10":"instock","11":"featured","12":"taxable","13":"shipping-taxable","14":"purchasable","15":"product-type-simple"},"acf":{"nagy_weboldalon":false},"wcpa_form_fields":null,"_links":{"self":[{"href":"https:\/\/handballveszpremshop.hu\/en\/wp-json\/wp\/v2\/product\/7047","targetHints":{"allow":["GET"]}}],"collection":[{"href":"https:\/\/handballveszpremshop.hu\/en\/wp-json\/wp\/v2\/product"}],"about":[{"href":"https:\/\/handballveszpremshop.hu\/en\/wp-json\/wp\/v2\/types\/product"}],"replies":[{"embeddable":true,"href":"https:\/\/handballveszpremshop.hu\/en\/wp-json\/wp\/v2\/comments?post=7047"}],"version-history":[{"count":2,"href":"https:\/\/handballveszpremshop.hu\/en\/wp-json\/wp\/v2\/product\/7047\/revisions"}],"predecessor-version":[{"id":7050,"href":"https:\/\/handballveszpremshop.hu\/en\/wp-json\/wp\/v2\/product\/7047\/revisions\/7050"}],"wp:featuredmedia":[{"embeddable":true,"href":"https:\/\/handballveszpremshop.hu\/en\/wp-json\/wp\/v2\/media\/6966"}],"wp:attachment":[{"href":"https:\/\/handballveszpremshop.hu\/en\/wp-json\/wp\/v2\/media?parent=7047"}],"wp:term":[{"taxonomy":"product_brand","embeddable":true,"href":"https:\/\/handballveszpremshop.hu\/en\/wp-json\/wp\/v2\/product_brand?post=7047"},{"taxonomy":"product_cat","embeddable":true,"href":"https:\/\/handballveszpremshop.hu\/en\/wp-json\/wp\/v2\/product_cat?post=7047"},{"taxonomy":"product_tag","embeddable":true,"href":"https:\/\/handballveszpremshop.hu\/en\/wp-json\/wp\/v2\/product_tag?post=7047"}],"curies":[{"name":"wp","href":"https:\/\/api.w.org\/{rel}","templated":true}]}}