{"id":7031,"date":"2025-11-29T00:20:22","date_gmt":"2025-11-28T23:20:22","guid":{"rendered":"https:\/\/handballveszpremshop.hu\/?post_type=product&#038;p=7031"},"modified":"2025-12-04T00:28:21","modified_gmt":"2025-12-03T23:28:21","slug":"veszprem-cimeres-cipzaros-fekete-pulover","status":"publish","type":"product","link":"https:\/\/handballveszpremshop.hu\/en\/termek\/veszprem-cimeres-cipzaros-fekete-pulover\/","title":{"rendered":"Veszpr\u00e9m c\u00edmeres cipz\u00e1ros fekete pul\u00f3ver"},"content":{"rendered":"","protected":false},"excerpt":{"rendered":"<p>Fekete Veszpr\u00e9m log\u00f3 el\u00f6l<\/p>\n","protected":false},"featured_media":0,"comment_status":"open","ping_status":"closed","template":"","meta":{"_acf_changed":false},"product_brand":[],"product_cat":[43,33],"product_tag":[],"class_list":{"0":"post-7031","1":"product","2":"type-product","3":"status-publish","5":"product_cat-pulover","6":"product_cat-ruhazat","8":"first","9":"instock","10":"taxable","11":"shipping-taxable","12":"purchasable","13":"product-type-variable","14":"has-default-attributes"},"acf":{"nagy_weboldalon":false},"wcpa_form_fields":null,"_links":{"self":[{"href":"https:\/\/handballveszpremshop.hu\/en\/wp-json\/wp\/v2\/product\/7031","targetHints":{"allow":["GET"]}}],"collection":[{"href":"https:\/\/handballveszpremshop.hu\/en\/wp-json\/wp\/v2\/product"}],"about":[{"href":"https:\/\/handballveszpremshop.hu\/en\/wp-json\/wp\/v2\/types\/product"}],"replies":[{"embeddable":true,"href":"https:\/\/handballveszpremshop.hu\/en\/wp-json\/wp\/v2\/comments?post=7031"}],"version-history":[{"count":3,"href":"https:\/\/handballveszpremshop.hu\/en\/wp-json\/wp\/v2\/product\/7031\/revisions"}],"predecessor-version":[{"id":8270,"href":"https:\/\/handballveszpremshop.hu\/en\/wp-json\/wp\/v2\/product\/7031\/revisions\/8270"}],"wp:attachment":[{"href":"https:\/\/handballveszpremshop.hu\/en\/wp-json\/wp\/v2\/media?parent=7031"}],"wp:term":[{"taxonomy":"product_brand","embeddable":true,"href":"https:\/\/handballveszpremshop.hu\/en\/wp-json\/wp\/v2\/product_brand?post=7031"},{"taxonomy":"product_cat","embeddable":true,"href":"https:\/\/handballveszpremshop.hu\/en\/wp-json\/wp\/v2\/product_cat?post=7031"},{"taxonomy":"product_tag","embeddable":true,"href":"https:\/\/handballveszpremshop.hu\/en\/wp-json\/wp\/v2\/product_tag?post=7031"}],"curies":[{"name":"wp","href":"https:\/\/api.w.org\/{rel}","templated":true}]}}