{"id":7002,"date":"2025-11-29T00:09:02","date_gmt":"2025-11-28T23:09:02","guid":{"rendered":"https:\/\/handballveszpremshop.hu\/?post_type=product&#038;p=7002"},"modified":"2026-02-26T09:27:07","modified_gmt":"2026-02-26T08:27:07","slug":"veszprem-handball-kornyaku-piros-pulover","status":"publish","type":"product","link":"https:\/\/handballveszpremshop.hu\/en\/termek\/veszprem-handball-kornyaku-piros-pulover\/","title":{"rendered":"Veszpr\u00e9m Handball k\u00f6rnyak\u00fa piros pul\u00f3ver"},"content":{"rendered":"","protected":false},"excerpt":{"rendered":"","protected":false},"featured_media":6962,"comment_status":"open","ping_status":"closed","template":"","meta":{"_acf_changed":false},"product_brand":[],"product_cat":[43,33],"product_tag":[],"class_list":{"0":"post-7002","1":"product","2":"type-product","3":"status-publish","4":"has-post-thumbnail","6":"product_cat-pulover","7":"product_cat-ruhazat","9":"first","10":"instock","11":"featured","12":"taxable","13":"shipping-taxable","14":"purchasable","15":"product-type-variable","16":"has-default-attributes"},"acf":{"nagy_weboldalon":false},"wcpa_form_fields":null,"_links":{"self":[{"href":"https:\/\/handballveszpremshop.hu\/en\/wp-json\/wp\/v2\/product\/7002","targetHints":{"allow":["GET"]}}],"collection":[{"href":"https:\/\/handballveszpremshop.hu\/en\/wp-json\/wp\/v2\/product"}],"about":[{"href":"https:\/\/handballveszpremshop.hu\/en\/wp-json\/wp\/v2\/types\/product"}],"replies":[{"embeddable":true,"href":"https:\/\/handballveszpremshop.hu\/en\/wp-json\/wp\/v2\/comments?post=7002"}],"version-history":[{"count":1,"href":"https:\/\/handballveszpremshop.hu\/en\/wp-json\/wp\/v2\/product\/7002\/revisions"}],"predecessor-version":[{"id":7010,"href":"https:\/\/handballveszpremshop.hu\/en\/wp-json\/wp\/v2\/product\/7002\/revisions\/7010"}],"wp:featuredmedia":[{"embeddable":true,"href":"https:\/\/handballveszpremshop.hu\/en\/wp-json\/wp\/v2\/media\/6962"}],"wp:attachment":[{"href":"https:\/\/handballveszpremshop.hu\/en\/wp-json\/wp\/v2\/media?parent=7002"}],"wp:term":[{"taxonomy":"product_brand","embeddable":true,"href":"https:\/\/handballveszpremshop.hu\/en\/wp-json\/wp\/v2\/product_brand?post=7002"},{"taxonomy":"product_cat","embeddable":true,"href":"https:\/\/handballveszpremshop.hu\/en\/wp-json\/wp\/v2\/product_cat?post=7002"},{"taxonomy":"product_tag","embeddable":true,"href":"https:\/\/handballveszpremshop.hu\/en\/wp-json\/wp\/v2\/product_tag?post=7002"}],"curies":[{"name":"wp","href":"https:\/\/api.w.org\/{rel}","templated":true}]}}