{"id":6978,"date":"2025-11-29T00:01:49","date_gmt":"2025-11-28T23:01:49","guid":{"rendered":"https:\/\/handballveszpremshop.hu\/?post_type=product&#038;p=6978"},"modified":"2026-04-03T10:32:12","modified_gmt":"2026-04-03T08:32:12","slug":"epitok-piros-polo","status":"publish","type":"product","link":"https:\/\/handballveszpremshop.hu\/en\/termek\/epitok-piros-polo\/","title":{"rendered":"\u00c9p\u00edt\u0151k piros p\u00f3l\u00f3"},"content":{"rendered":"","protected":false},"excerpt":{"rendered":"","protected":false},"featured_media":6959,"comment_status":"open","ping_status":"closed","template":"","meta":{"_acf_changed":false},"product_brand":[],"product_cat":[42,33],"product_tag":[],"class_list":{"0":"post-6978","1":"product","2":"type-product","3":"status-publish","4":"has-post-thumbnail","6":"product_cat-polo","7":"product_cat-ruhazat","9":"first","10":"instock","11":"featured","12":"taxable","13":"shipping-taxable","14":"purchasable","15":"product-type-variable","16":"has-default-attributes"},"acf":{"nagy_weboldalon":false},"wcpa_form_fields":null,"_links":{"self":[{"href":"https:\/\/handballveszpremshop.hu\/en\/wp-json\/wp\/v2\/product\/6978","targetHints":{"allow":["GET"]}}],"collection":[{"href":"https:\/\/handballveszpremshop.hu\/en\/wp-json\/wp\/v2\/product"}],"about":[{"href":"https:\/\/handballveszpremshop.hu\/en\/wp-json\/wp\/v2\/types\/product"}],"replies":[{"embeddable":true,"href":"https:\/\/handballveszpremshop.hu\/en\/wp-json\/wp\/v2\/comments?post=6978"}],"version-history":[{"count":2,"href":"https:\/\/handballveszpremshop.hu\/en\/wp-json\/wp\/v2\/product\/6978\/revisions"}],"predecessor-version":[{"id":8465,"href":"https:\/\/handballveszpremshop.hu\/en\/wp-json\/wp\/v2\/product\/6978\/revisions\/8465"}],"wp:featuredmedia":[{"embeddable":true,"href":"https:\/\/handballveszpremshop.hu\/en\/wp-json\/wp\/v2\/media\/6959"}],"wp:attachment":[{"href":"https:\/\/handballveszpremshop.hu\/en\/wp-json\/wp\/v2\/media?parent=6978"}],"wp:term":[{"taxonomy":"product_brand","embeddable":true,"href":"https:\/\/handballveszpremshop.hu\/en\/wp-json\/wp\/v2\/product_brand?post=6978"},{"taxonomy":"product_cat","embeddable":true,"href":"https:\/\/handballveszpremshop.hu\/en\/wp-json\/wp\/v2\/product_cat?post=6978"},{"taxonomy":"product_tag","embeddable":true,"href":"https:\/\/handballveszpremshop.hu\/en\/wp-json\/wp\/v2\/product_tag?post=6978"}],"curies":[{"name":"wp","href":"https:\/\/api.w.org\/{rel}","templated":true}]}}