{"id":6968,"date":"2025-11-28T23:43:39","date_gmt":"2025-11-28T22:43:39","guid":{"rendered":"https:\/\/handballveszpremshop.hu\/?post_type=product&#038;p=6968"},"modified":"2025-12-04T16:30:00","modified_gmt":"2025-12-04T15:30:00","slug":"veszprem-cimeres-fekete-polo","status":"publish","type":"product","link":"https:\/\/handballveszpremshop.hu\/en\/termek\/veszprem-cimeres-fekete-polo\/","title":{"rendered":"Veszpr\u00e9m c\u00edmeres fekete p\u00f3l\u00f3"},"content":{"rendered":"","protected":false},"excerpt":{"rendered":"","protected":false},"featured_media":0,"comment_status":"open","ping_status":"closed","template":"","meta":{"_acf_changed":false},"product_brand":[],"product_cat":[42,33],"product_tag":[],"class_list":{"0":"post-6968","1":"product","2":"type-product","3":"status-publish","5":"product_cat-polo","6":"product_cat-ruhazat","8":"first","9":"instock","10":"taxable","11":"shipping-taxable","12":"purchasable","13":"product-type-variable","14":"has-default-attributes"},"acf":{"nagy_weboldalon":false},"wcpa_form_fields":null,"_links":{"self":[{"href":"https:\/\/handballveszpremshop.hu\/en\/wp-json\/wp\/v2\/product\/6968","targetHints":{"allow":["GET"]}}],"collection":[{"href":"https:\/\/handballveszpremshop.hu\/en\/wp-json\/wp\/v2\/product"}],"about":[{"href":"https:\/\/handballveszpremshop.hu\/en\/wp-json\/wp\/v2\/types\/product"}],"replies":[{"embeddable":true,"href":"https:\/\/handballveszpremshop.hu\/en\/wp-json\/wp\/v2\/comments?post=6968"}],"version-history":[{"count":1,"href":"https:\/\/handballveszpremshop.hu\/en\/wp-json\/wp\/v2\/product\/6968\/revisions"}],"predecessor-version":[{"id":6975,"href":"https:\/\/handballveszpremshop.hu\/en\/wp-json\/wp\/v2\/product\/6968\/revisions\/6975"}],"wp:attachment":[{"href":"https:\/\/handballveszpremshop.hu\/en\/wp-json\/wp\/v2\/media?parent=6968"}],"wp:term":[{"taxonomy":"product_brand","embeddable":true,"href":"https:\/\/handballveszpremshop.hu\/en\/wp-json\/wp\/v2\/product_brand?post=6968"},{"taxonomy":"product_cat","embeddable":true,"href":"https:\/\/handballveszpremshop.hu\/en\/wp-json\/wp\/v2\/product_cat?post=6968"},{"taxonomy":"product_tag","embeddable":true,"href":"https:\/\/handballveszpremshop.hu\/en\/wp-json\/wp\/v2\/product_tag?post=6968"}],"curies":[{"name":"wp","href":"https:\/\/api.w.org\/{rel}","templated":true}]}}