{"id":209,"date":"2025-12-04T16:20:47","date_gmt":"2025-12-04T15:20:47","guid":{"rendered":"https:\/\/handballveszpremshop.hu\/?post_type=product&#038;p=209"},"modified":"2026-04-03T10:27:39","modified_gmt":"2026-04-03T08:27:39","slug":"meccsmez","status":"publish","type":"product","link":"https:\/\/handballveszpremshop.hu\/en\/termek\/meccsmez\/","title":{"rendered":"Meccsmez"},"content":{"rendered":"","protected":false},"excerpt":{"rendered":"","protected":false},"featured_media":8474,"comment_status":"open","ping_status":"closed","template":"","meta":{"_acf_changed":false},"product_brand":[],"product_cat":[41,33],"product_tag":[17],"class_list":{"0":"post-209","1":"product","2":"type-product","3":"status-publish","4":"has-post-thumbnail","6":"product_cat-meccsmez","7":"product_cat-ruhazat","8":"product_tag-tesztcimke","9":"wcpa_has_options","11":"first","12":"instock","13":"taxable","14":"shipping-taxable","15":"purchasable","16":"product-type-variable","17":"has-default-attributes"},"acf":{"nagy_weboldalon":true},"wcpa_form_fields":{"wcpaData":{"product":{"product_price":24000,"price_html":"<span class=\"woocommerce-Price-amount amount\"><bdi>24 000&nbsp;<span class=\"woocommerce-Price-currencySymbol\">&#70;&#116;<\/span><\/bdi><\/span>","original_product_price":24000,"price_including_tax":24000,"price_excluding_tax":18897.637795,"product_id":{"parent":209,"variation":false},"is_variable":true,"stock_status":"instock","stock_quantity":null,"parent_sku":"","product_attributes":{"pa_ruhameret":{"is_variation":true,"values":[]}},"custom_fields":[],"is_taxable":true,"product_name":"Meccsmez"},"fields":{"sec_367373b0ba9c88":{"extra":{"key":"sec_367373b0ba9c88","section_id":"sec_367373b0ba9c88","name":"Default","status":1,"toggle":true,"form_id":1251,"form_rules":{"exclude_from_discount":false,"fee_label":"Fee","disp_hide_options_price":true,"disp_show_section_price":false,"disp_show_field_price":false,"layout_option":"standard","pric_use_as_fee":false,"process_fee_as":"woo_fee"},"layout_option":"standard"},"fields":[[{"active":true,"col":6,"relations":false,"cl_rule":"show","enableCl":false,"price":"","enablePrice":true,"className":"player-custom","type":"select","required":true,"elementId":"select_6729056394","label":"Customization","name":"select_6729056394","values":[{"label":"Players","value":"J\u00e1t\u00e9kos neve","selected":false,"tempId":"aco_263","gt_translate_keys":["label"]},{"label":"Unique","value":"Egyedi","selected":false,"tempId":"aco_264","price":"2000","gt_translate_keys":["label"]}],"error":false,"placeholder":"Select!","dropdown_type":"basic","priceOptions":"different_for_all","pricingType":"fixed","enable_quantity":false,"quantity_label":"Quantity","fee_label":"","gt_translate_keys":["label","placeholder","quantity_label"],"price_dependency":false,"cl_dependency":["select_6729015553","text_6728778021","text_6728847692"],"value":""}],[{"active":true,"col":6,"relations":[{"operator":false,"rules":[{"operator":"AND","rules":{"cl_field":"select_6729056394","cl_relation":"is","cl_val":"J\u00e1t\u00e9kos neve"}}]}],"cl_rule":"show","enableCl":true,"price":"","enablePrice":false,"className":"","type":"select","required":true,"elementId":"select_6729015553","label":"Players","name":"select_6729015553","values":[{"label":"#1 Appelgren","value":"#1 Appelgren","selected":false,"tempId":"aco_260","gt_translate_keys":["label"]},{"label":"#2 Petrus","value":"#2 Petrus","selected":false,"tempId":"aco_55","gt_translate_keys":["label"]},{"label":"#5 Martinovic","value":"#5 Martinovic","selected":true,"tempId":"aco_387","gt_translate_keys":["label"]},{"label":"#9 Descat","value":"#9 Descat","selected":false,"tempId":"aco_56","gt_translate_keys":["label"]},{"label":"#12 Corrales","value":"#12 Corrales","selected":false,"tempId":"aco_568","gt_translate_keys":["label"]},{"label":"#15 Hesham","value":"#15 Hesham","selected":false,"tempId":"aco_722","gt_translate_keys":["label"]},{"label":"#21 El\u00edsson","value":"#21 El\u00edsson","selected":false,"tempId":"aco_902","gt_translate_keys":["label"]},{"label":"#23 Ligetv\u00e1ri","value":"#23 Ligetv\u00e1ri","selected":false,"tempId":"aco_1146","gt_translate_keys":["label"]},{"label":"#24 Marguc","value":"#24 Marguc","selected":false,"tempId":"aco_1399","gt_translate_keys":["label"]},{"label":"#25 Cindric","value":"#25 Cindric","selected":false,"tempId":"aco_1535","gt_translate_keys":["label"]},{"label":"#27 Dopjera","value":"#27 Dopjera","selected":false,"tempId":"aco_831","gt_translate_keys":["label"]},{"label":"#29 Remili","value":"#29 Remili","selected":false,"tempId":"aco_1716","gt_translate_keys":["label"]},{"label":"#32 Lenne","value":"#32 Lenne","selected":false,"tempId":"aco_859","gt_translate_keys":["label"]},{"label":"#39 ElDeraa","value":"#39 ElDeraa","selected":false,"tempId":"aco_2258","gt_translate_keys":["label"]},{"label":"#46 Pechmalbec","value":"#46 Pechmalbec","selected":false,"tempId":"aco_2692","gt_translate_keys":["label"]},{"label":"#54 Balogh","value":"#54 Balogh","selected":false,"tempId":"aco_2936","gt_translate_keys":["label"]},{"label":"#66 G\u00e1ncs-Pet\u0151","value":"#66 G\u00e1ncs-Pet\u0151","selected":false,"tempId":"aco_1247","gt_translate_keys":["label"]},{"label":"#67 Gy\u0151ri","value":"#67 Gy\u0151ri","selected":false,"tempId":"aco_1392","gt_translate_keys":["label"]},{"label":"#80 Adel","value":"#80 Adel","selected":false,"tempId":"aco_1510","gt_translate_keys":["label"]},{"label":"#88 Moln\u00e1r","value":"#88 Moln\u00e1r","selected":false,"tempId":"aco_3090","gt_translate_keys":["label"]},{"label":"#90 Zein","value":"#90 Zein","selected":false,"tempId":"aco_3235","gt_translate_keys":["label"]},{"label":"#91 V\u00e1rady-Szab\u00f3","value":"#91 V\u00e1rady-Szab\u00f3","selected":false,"tempId":"aco_3759","gt_translate_keys":["label"]},{"label":"#97 Szab\u00f3","value":"#97 Szab\u00f3","selected":false,"tempId":"aco_1817","gt_translate_keys":["label"]},{"label":"#98 Barna","value":"#98 Barna","selected":false,"tempId":"aco_3452","gt_translate_keys":["label"]}],"error":false,"placeholder":"","dropdown_type":"basic","wpml_sync":true,"gt_translate_keys":["label","placeholder"],"price_dependency":false,"cl_dependency":false,"value":""}],[{"active":true,"col":6,"relations":[{"operator":false,"rules":[{"operator":"AND","rules":{"cl_field":"select_6729056394","cl_relation":"is","cl_val":"Egyedi"}}]}],"cl_rule":"show","enableCl":true,"price":"","enablePrice":false,"className":"","type":"text","subtype":"text","required":true,"elementId":"text_6728778021","label":"Name","name":"text_6728778021","value":"","error":false,"placeholder":"Name","gt_translate_keys":["label","placeholder","value"],"price_dependency":false,"cl_dependency":false}],[{"active":true,"col":6,"relations":[{"operator":false,"rules":[{"operator":"AND","rules":{"cl_field":"select_6729056394","cl_relation":"is","cl_val":"Egyedi"}}]}],"cl_rule":"show","enableCl":true,"price":"","enablePrice":false,"className":"","type":"text","subtype":"text","required":true,"elementId":"text_6728847692","label":"Jersey number","name":"text_6728847692","value":"","error":false,"placeholder":"Jersey number","maxlength":"2","gt_translate_keys":["label","placeholder","value"],"price_dependency":false,"cl_dependency":false}]]}},"config":{"price_override":"","enable_recaptcha":false,"bind_quantity":false,"quantity_bind_formula":false,"disp_summ_show_option_price":true,"disp_summ_show_product_price":true,"disp_summ_show_total_price":true,"disp_summ_show_fee":false,"disp_summ_show_discount":false,"summary_title":"","options_total_label":"Feliratoz\u00e1s","total_label":"\u00d6sszesen","options_product_label":"Term\u00e9k \u00e1r","fee_label":"Fee","discount_label":"Discount","has_price":true,"has_quantity_formula":false},"mc_unit":1,"tax_rate":1,"tax_rate_real":0.27,"discount":{"percentage":0,"fixed":0},"design":{"conf":{"LabelPosition":"above","DescPosition":"above","UploadField":"custom_1","QuantityFieldStyle":"default"},"css":{"LeftLabelWidth":"120px"}},"formulas":[],"clones":false,"cartKey":false}},"_links":{"self":[{"href":"https:\/\/handballveszpremshop.hu\/en\/wp-json\/wp\/v2\/product\/209","targetHints":{"allow":["GET"]}}],"collection":[{"href":"https:\/\/handballveszpremshop.hu\/en\/wp-json\/wp\/v2\/product"}],"about":[{"href":"https:\/\/handballveszpremshop.hu\/en\/wp-json\/wp\/v2\/types\/product"}],"replies":[{"embeddable":true,"href":"https:\/\/handballveszpremshop.hu\/en\/wp-json\/wp\/v2\/comments?post=209"}],"version-history":[{"count":3,"href":"https:\/\/handballveszpremshop.hu\/en\/wp-json\/wp\/v2\/product\/209\/revisions"}],"predecessor-version":[{"id":8810,"href":"https:\/\/handballveszpremshop.hu\/en\/wp-json\/wp\/v2\/product\/209\/revisions\/8810"}],"wp:featuredmedia":[{"embeddable":true,"href":"https:\/\/handballveszpremshop.hu\/en\/wp-json\/wp\/v2\/media\/8474"}],"wp:attachment":[{"href":"https:\/\/handballveszpremshop.hu\/en\/wp-json\/wp\/v2\/media?parent=209"}],"wp:term":[{"taxonomy":"product_brand","embeddable":true,"href":"https:\/\/handballveszpremshop.hu\/en\/wp-json\/wp\/v2\/product_brand?post=209"},{"taxonomy":"product_cat","embeddable":true,"href":"https:\/\/handballveszpremshop.hu\/en\/wp-json\/wp\/v2\/product_cat?post=209"},{"taxonomy":"product_tag","embeddable":true,"href":"https:\/\/handballveszpremshop.hu\/en\/wp-json\/wp\/v2\/product_tag?post=209"}],"curies":[{"name":"wp","href":"https:\/\/api.w.org\/{rel}","templated":true}]}}