{"id":1175,"date":"2024-11-25T20:28:56","date_gmt":"2024-11-25T19:28:56","guid":{"rendered":"https:\/\/handballveszpremshop.hu\/?page_id=1175"},"modified":"2024-12-20T05:45:36","modified_gmt":"2024-12-20T04:45:36","slug":"terms-and-conditions","status":"publish","type":"page","link":"https:\/\/handballveszpremshop.hu\/en\/terms-and-conditions\/","title":{"rendered":"Terms and conditions"},"content":{"rendered":"\t\t<div data-elementor-type=\"wp-page\" data-elementor-id=\"1175\" class=\"elementor elementor-1175\" data-elementor-post-type=\"page\">\n\t\t\t\t<div class=\"elementor-element elementor-element-6c4038b e-flex e-con-boxed e-con e-parent\" data-id=\"6c4038b\" data-element_type=\"container\">\n\t\t\t\t\t<div class=\"e-con-inner\">\n\t\t\t\t<div class=\"elementor-element elementor-element-fd24250 elementor-widget elementor-widget-heading\" data-id=\"fd24250\" data-element_type=\"widget\" data-widget_type=\"heading.default\">\n\t\t\t\t<div class=\"elementor-widget-container\">\n\t\t\t\t\t<h2 class=\"elementor-heading-title elementor-size-default\">\u00c1ltal\u00e1nos inform\u00e1ci\u00f3k<\/h2>\t\t\t\t<\/div>\n\t\t\t\t<\/div>\n\t\t\t\t<div class=\"elementor-element elementor-element-5061ed9 elementor-widget elementor-widget-heading\" data-id=\"5061ed9\" data-element_type=\"widget\" data-widget_type=\"heading.default\">\n\t\t\t\t<div class=\"elementor-widget-container\">\n\t\t\t\t\t<h3 class=\"elementor-heading-title elementor-size-default\">Fizet\u00e9s<\/h3>\t\t\t\t<\/div>\n\t\t\t\t<\/div>\n\t\t\t\t<div class=\"elementor-element elementor-element-cb05701 elementor-widget elementor-widget-text-editor\" data-id=\"cb05701\" data-element_type=\"widget\" data-widget_type=\"text-editor.default\">\n\t\t\t\t<div class=\"elementor-widget-container\">\n\t\t\t\t\t\t\t\t\t<ul><li>Ut\u00e1nv\u00e9tellel az \u00e1ru \u00e1tv\u00e9telekor k\u00e9szp\u00e9nzben t\u00f6rt\u00e9nhet. A megrendelt \u00e1ruk (\u00e1ru+csomagol\u00e1s+sz\u00e1ll\u00edt\u00e1s) ellen\u00e9rt\u00e9k\u00e9t a csomag \u00e1tv\u00e9telekor, k\u00e9szp\u00e9nzben kell kifizetni a fut\u00e1rnak.<\/li><li>El\u0151re, online bank\u00e1rty\u00e1val, a Borgun rendszer\u00e9n kereszt\u00fcl.<\/li><\/ul>\t\t\t\t\t\t\t\t<\/div>\n\t\t\t\t<\/div>\n\t\t\t\t<div class=\"elementor-element elementor-element-4741ff8 elementor-widget elementor-widget-heading\" data-id=\"4741ff8\" data-element_type=\"widget\" data-widget_type=\"heading.default\">\n\t\t\t\t<div class=\"elementor-widget-container\">\n\t\t\t\t\t<h3 class=\"elementor-heading-title elementor-size-default\">D\u00edjszab\u00e1s<\/h3>\t\t\t\t<\/div>\n\t\t\t\t<\/div>\n\t\t\t\t<div class=\"elementor-element elementor-element-8d413bb elementor-widget elementor-widget-text-editor\" data-id=\"8d413bb\" data-element_type=\"widget\" data-widget_type=\"text-editor.default\">\n\t\t\t\t<div class=\"elementor-widget-container\">\n\t\t\t\t\t\t\t\t\t<div>A web\u00e1ruh\u00e1zban t\u00f6bb term\u00e9k egyidej\u0171 rendel\u00e9se egy rendel\u00e9snek min\u0151s\u00fcl, teh\u00e1t \u00e9rtelemszer\u0171en egy csomagban k\u00fcldj\u00fck a term\u00e9keket. A web\u00e1ruh\u00e1z egys\u00e9ges csomagol\u00e1si \u00e9s sz\u00e1ll\u00edt\u00e1si k\u00f6lts\u00e9ggel dolgozik Magyarorsz\u00e1g ter\u00fclet\u00e9n bel\u00fcl. Ez s\u00falyt\u00f3l \u00e9s \u00e9rt\u00e9kt\u0151l f\u00fcggetlen\u00fcl rendel\u00e9senk\u00e9nt \u2013 teh\u00e1t nem term\u00e9kenk\u00e9nt \u2013 brutt\u00f3 1600 Ft.<\/div>\t\t\t\t\t\t\t\t<\/div>\n\t\t\t\t<\/div>\n\t\t\t\t<div class=\"elementor-element elementor-element-85d14bc elementor-widget elementor-widget-heading\" data-id=\"85d14bc\" data-element_type=\"widget\" data-widget_type=\"heading.default\">\n\t\t\t\t<div class=\"elementor-widget-container\">\n\t\t\t\t\t<h3 class=\"elementor-heading-title elementor-size-default\">Sz\u00e1ll\u00edt\u00e1si id\u0151<\/h3>\t\t\t\t<\/div>\n\t\t\t\t<\/div>\n\t\t\t\t<div class=\"elementor-element elementor-element-0b8430b elementor-widget elementor-widget-text-editor\" data-id=\"0b8430b\" data-element_type=\"widget\" data-widget_type=\"text-editor.default\">\n\t\t\t\t<div class=\"elementor-widget-container\">\n\t\t\t\t\t\t\t\t\t<div>\u00c1ltal\u00e1ban a h\u00e9t szerdai napj\u00e1n ker\u00fclnek a csomagok felad\u00e1sra, \u00e9s az azt k\u00f6vet\u0151 munkanapon t\u00f6rt\u00e9nik a k\u00e9zbes\u00edt\u00e9s. H\u00e9tv\u00e9g\u00e9n, valamint \u00fcnnepnapokon a csomagk\u00e9zbes\u00edt\u00e9s sz\u00fcnetel.<br \/>Sz\u00e1ll\u00edt\u00f3 partner\u00fcnk a GLS fut\u00e1rszolg\u00e1lat.<\/div>\t\t\t\t\t\t\t\t<\/div>\n\t\t\t\t<\/div>\n\t\t\t\t<div class=\"elementor-element elementor-element-7ddcf77 elementor-widget elementor-widget-heading\" data-id=\"7ddcf77\" data-element_type=\"widget\" data-widget_type=\"heading.default\">\n\t\t\t\t<div class=\"elementor-widget-container\">\n\t\t\t\t\t<h3 class=\"elementor-heading-title elementor-size-default\">Reklam\u00e1ci\u00f3<\/h3>\t\t\t\t<\/div>\n\t\t\t\t<\/div>\n\t\t\t\t<div class=\"elementor-element elementor-element-0e50f6e elementor-widget elementor-widget-text-editor\" data-id=\"0e50f6e\" data-element_type=\"widget\" data-widget_type=\"text-editor.default\">\n\t\t\t\t<div class=\"elementor-widget-container\">\n\t\t\t\t\t\t\t\t\t<ul><li>K\u00c9RJ\u00dcK, MINDEN KISZ\u00c1LL\u00cdT\u00c1SKOR GY\u0150Z\u0150DJ\u00d6N MEG ARR\u00d3L, HOGY A CSOMAG AZ \u00d6N \u00c1LTAL RENDELT \u00c1RUKAT TARTALMAZZA-E! A csomagot csak fizet\u00e9s ut\u00e1n tudja kibontani. Amennyiben probl\u00e9ma mer\u00fcl fel, a\u00a0<span class=\"\"><a href=\"mailto:webshop@handballveszprem.hu\">webshop@handballveszprem.hu<\/a><\/span> email c\u00edmen jelezze \u00e9szrev\u00e9teleit, vagy h\u00edvja a +36 30 752 8000 telefonsz\u00e1mon \u00fcgyf\u00e9lszolg\u00e1latunkat.<\/li><li>A csomag vissza\/kicser\u00e9l\u00e9s\u00e9vel kapcsolatban web\u00e1ruh\u00e1zunk munkat\u00e1rsa egyezteti \u00d6nnel a lehet\u0151s\u00e9geket. Mi is emberek vagyunk, hib\u00e1zhatunk, de v\u00e1s\u00e1rl\u00f3inkat nem \u00e9rheti k\u00e1r!<\/li><\/ul>\t\t\t\t\t\t\t\t<\/div>\n\t\t\t\t<\/div>\n\t\t\t\t<div class=\"elementor-element elementor-element-ce35a45 elementor-widget elementor-widget-heading\" data-id=\"ce35a45\" data-element_type=\"widget\" data-widget_type=\"heading.default\">\n\t\t\t\t<div class=\"elementor-widget-container\">\n\t\t\t\t\t<h3 class=\"elementor-heading-title elementor-size-default\">Tulajdonjog<\/h3>\t\t\t\t<\/div>\n\t\t\t\t<\/div>\n\t\t\t\t<div class=\"elementor-element elementor-element-454cd1c elementor-widget elementor-widget-text-editor\" data-id=\"454cd1c\" data-element_type=\"widget\" data-widget_type=\"text-editor.default\">\n\t\t\t\t<div class=\"elementor-widget-container\">\n\t\t\t\t\t\t\t\t\t<div>Az \u00e1ru a SZURKOL\u00d3I AJ\u00c1ND\u00c9K SHOP tulajdon\u00e1ban marad az \u00e1r teljes kifizet\u00e9s\u00e9ig.<\/div>\t\t\t\t\t\t\t\t<\/div>\n\t\t\t\t<\/div>\n\t\t\t\t\t<\/div>\n\t\t\t\t<\/div>\n\t\t\t\t<\/div>\n\t\t","protected":false},"excerpt":{"rendered":"<p>\u00c1ltal\u00e1nos inform\u00e1ci\u00f3k Fizet\u00e9s Ut\u00e1nv\u00e9tellel az \u00e1ru \u00e1tv\u00e9telekor k\u00e9szp\u00e9nzben t\u00f6rt\u00e9nhet. A megrendelt \u00e1ruk (\u00e1ru+csomagol\u00e1s+sz\u00e1ll\u00edt\u00e1s) ellen\u00e9rt\u00e9k\u00e9t a csomag \u00e1tv\u00e9telekor, k\u00e9szp\u00e9nzben kell kifizetni a fut\u00e1rnak. El\u0151re, online bank\u00e1rty\u00e1val, a Borgun rendszer\u00e9n kereszt\u00fcl. D\u00edjszab\u00e1s A web\u00e1ruh\u00e1zban t\u00f6bb term\u00e9k egyidej\u0171 rendel\u00e9se egy rendel\u00e9snek min\u0151s\u00fcl, teh\u00e1t \u00e9rtelemszer\u0171en egy csomagban k\u00fcldj\u00fck a term\u00e9keket. A web\u00e1ruh\u00e1z egys\u00e9ges csomagol\u00e1si \u00e9s sz\u00e1ll\u00edt\u00e1si k\u00f6lts\u00e9ggel dolgozik Magyarorsz\u00e1g [&hellip;]<\/p>\n","protected":false},"author":1,"featured_media":0,"parent":0,"menu_order":0,"comment_status":"closed","ping_status":"closed","template":"","meta":{"_acf_changed":false,"footnotes":""},"class_list":["post-1175","page","type-page","status-publish","hentry"],"acf":[],"_links":{"self":[{"href":"https:\/\/handballveszpremshop.hu\/en\/wp-json\/wp\/v2\/pages\/1175","targetHints":{"allow":["GET"]}}],"collection":[{"href":"https:\/\/handballveszpremshop.hu\/en\/wp-json\/wp\/v2\/pages"}],"about":[{"href":"https:\/\/handballveszpremshop.hu\/en\/wp-json\/wp\/v2\/types\/page"}],"author":[{"embeddable":true,"href":"https:\/\/handballveszpremshop.hu\/en\/wp-json\/wp\/v2\/users\/1"}],"replies":[{"embeddable":true,"href":"https:\/\/handballveszpremshop.hu\/en\/wp-json\/wp\/v2\/comments?post=1175"}],"version-history":[{"count":0,"href":"https:\/\/handballveszpremshop.hu\/en\/wp-json\/wp\/v2\/pages\/1175\/revisions"}],"wp:attachment":[{"href":"https:\/\/handballveszpremshop.hu\/en\/wp-json\/wp\/v2\/media?parent=1175"}],"curies":[{"name":"wp","href":"https:\/\/api.w.org\/{rel}","templated":true}]}}