{"id":1130,"date":"2024-10-02T00:41:47","date_gmt":"2024-10-01T22:41:47","guid":{"rendered":"https:\/\/handballveszpremshop.hu\/cart\/"},"modified":"2024-12-19T22:47:00","modified_gmt":"2024-12-19T21:47:00","slug":"cart","status":"publish","type":"page","link":"https:\/\/handballveszpremshop.hu\/en\/cart\/","title":{"rendered":"Cart"},"content":{"rendered":"\n<div data-block-name=\"woocommerce\/cart\" class=\"wp-block-woocommerce-cart alignwide is-loading\">\n<div data-block-name=\"woocommerce\/filled-cart-block\" class=\"wp-block-woocommerce-filled-cart-block\">\n<div data-block-name=\"woocommerce\/cart-items-block\" class=\"wp-block-woocommerce-cart-items-block\">\n<div data-block-name=\"woocommerce\/cart-line-items-block\" class=\"wp-block-woocommerce-cart-line-items-block\"><\/div>\n\n\n\n<div data-block-name=\"woocommerce\/cart-cross-sells-block\" class=\"wp-block-woocommerce-cart-cross-sells-block\">\n<h2 class=\"wp-block-heading has-large-font-size\">Tal\u00e1n \u00e9rdekelhetnek ezek&#8230;<\/h2>\n\n\n\n<div data-block-name=\"woocommerce\/cart-cross-sells-products-block\" class=\"wp-block-woocommerce-cart-cross-sells-products-block\"><\/div>\n<\/div>\n<\/div>\n\n\n\n<div data-block-name=\"woocommerce\/cart-totals-block\" class=\"wp-block-woocommerce-cart-totals-block\">\n<div data-block-name=\"woocommerce\/cart-order-summary-block\" class=\"wp-block-woocommerce-cart-order-summary-block\">\n<div data-block-name=\"woocommerce\/cart-order-summary-heading-block\" class=\"wp-block-woocommerce-cart-order-summary-heading-block\"><\/div><div data-block-name=\"woocommerce\/cart-order-summary-coupon-form-block\" class=\"wp-block-woocommerce-cart-order-summary-coupon-form-block\"><\/div><div data-block-name=\"woocommerce\/cart-order-summary-totals-block\" class=\"wp-block-woocommerce-cart-order-summary-totals-block\">\n<div data-block-name=\"woocommerce\/cart-order-summary-subtotal-block\" class=\"wp-block-woocommerce-cart-order-summary-subtotal-block\"><\/div>\n<div data-block-name=\"woocommerce\/cart-order-summary-discount-block\" class=\"wp-block-woocommerce-cart-order-summary-discount-block\"><\/div>\n<div data-block-name=\"woocommerce\/cart-order-summary-fee-block\" class=\"wp-block-woocommerce-cart-order-summary-fee-block\"><\/div>\n<div data-block-name=\"woocommerce\/cart-order-summary-shipping-block\" class=\"wp-block-woocommerce-cart-order-summary-shipping-block\"><\/div>\n<div data-block-name=\"woocommerce\/cart-order-summary-taxes-block\" class=\"wp-block-woocommerce-cart-order-summary-taxes-block\"><\/div><\/div>\n<\/div>\n\n\n\n<div data-block-name=\"woocommerce\/cart-express-payment-block\" class=\"wp-block-woocommerce-cart-express-payment-block\"><\/div>\n\n\n\n<div data-block-name=\"woocommerce\/proceed-to-checkout-block\" class=\"wp-block-woocommerce-proceed-to-checkout-block\"><\/div>\n\n\n\n<div data-block-name=\"woocommerce\/cart-accepted-payment-methods-block\" class=\"wp-block-woocommerce-cart-accepted-payment-methods-block\"><\/div>\n<\/div>\n<\/div>\n\n\n\n<div data-block-name=\"woocommerce\/empty-cart-block\" class=\"wp-block-woocommerce-empty-cart-block\">\n<h2 class=\"wp-block-heading has-text-align-center with-empty-cart-icon wc-block-cart__empty-cart__title\">Jelenleg \u00fcres a kosarad.<\/h2>\n\n\n\n<hr class=\"wp-block-separator has-alpha-channel-opacity is-style-dots\"\/>\n\n\n\n<h2 class=\"wp-block-heading has-text-align-center\">\u00dajdons\u00e1gok<\/h2>\n\n\n<div data-block-name=\"woocommerce\/product-new\" data-columns=\"4\" data-rows=\"1\" class=\"wc-block-grid wp-block-product-new wp-block-woocommerce-product-new wc-block-product-new has-4-columns\"><ul class=\"wc-block-grid__products\"><li class=\"wc-block-grid__product\">\n\t\t\t\t<a href=\"https:\/\/handballveszpremshop.hu\/en\/termek\/meccsmez\/\" class=\"wc-block-grid__product-link\">\n\t\t\t\t\t\n\t\t\t\t\t<div class=\"wc-block-grid__product-image\"><img loading=\"lazy\" decoding=\"async\" width=\"300\" height=\"300\" src=\"https:\/\/handballveszpremshop.hu\/wp-content\/uploads\/2025\/12\/jersey_veszprem_25_26-300x300.png\" class=\"attachment-woocommerce_thumbnail size-woocommerce_thumbnail\" alt=\"Meccsmez\" srcset=\"https:\/\/handballveszpremshop.hu\/wp-content\/uploads\/2025\/12\/jersey_veszprem_25_26-300x300.png 300w, https:\/\/handballveszpremshop.hu\/wp-content\/uploads\/2025\/12\/jersey_veszprem_25_26-150x150.png 150w, https:\/\/handballveszpremshop.hu\/wp-content\/uploads\/2025\/12\/jersey_veszprem_25_26-100x100.png 100w, https:\/\/handballveszpremshop.hu\/wp-content\/uploads\/2025\/12\/jersey_veszprem_25_26-460x460.png 460w\" sizes=\"auto, (max-width: 300px) 100vw, 300px\" \/><\/div>\n\t\t\t\t\t<div class=\"wc-block-grid__product-title\">Meccsmez<\/div>\n\t\t\t\t<\/a>\n\t\t\t\t<div class=\"wc-block-grid__product-price price\"><span class=\"woocommerce-Price-amount amount\"><bdi>24 000&nbsp;<span class=\"woocommerce-Price-currencySymbol\">&#070;&#116;<\/span><\/bdi><\/span><\/div>\n\t\t\t\t\n\t\t\t\t<div class=\"wp-block-button wc-block-grid__product-add-to-cart\"><a href=\"https:\/\/handballveszpremshop.hu\/en\/termek\/meccsmez\/\" aria-label=\"Select options for &ldquo;Meccsmez&rdquo;\" data-quantity=\"1\" data-product_id=\"209\" data-product_sku=\"\" data-price=\"24000\" rel=\"nofollow\" class=\"wp-block-button__link  add_to_cart_button\">Testreszab\u00e1s<\/a><\/div>\n\t\t\t<\/li><li class=\"wc-block-grid__product\">\n\t\t\t\t<a href=\"https:\/\/handballveszpremshop.hu\/en\/termek\/veszprem-cimeres-piros-szinu-akryl-karacsonyfagomb\/\" class=\"wc-block-grid__product-link\">\n\t\t\t\t\t\n\t\t\t\t\t<div class=\"wc-block-grid__product-image\"><img loading=\"lazy\" decoding=\"async\" width=\"300\" height=\"300\" src=\"https:\/\/handballveszpremshop.hu\/wp-content\/uploads\/2025\/12\/christmaas-ball-300x300.png\" class=\"attachment-woocommerce_thumbnail size-woocommerce_thumbnail\" alt=\"Veszpr\u00e9m c\u00edmeres, piros sz\u00edn\u0171, akryl kar\u00e1csonyfag\u00f6mb\" srcset=\"https:\/\/handballveszpremshop.hu\/wp-content\/uploads\/2025\/12\/christmaas-ball-300x300.png 300w, https:\/\/handballveszpremshop.hu\/wp-content\/uploads\/2025\/12\/christmaas-ball-150x150.png 150w, https:\/\/handballveszpremshop.hu\/wp-content\/uploads\/2025\/12\/christmaas-ball-100x100.png 100w, https:\/\/handballveszpremshop.hu\/wp-content\/uploads\/2025\/12\/christmaas-ball-460x460.png 460w\" sizes=\"auto, (max-width: 300px) 100vw, 300px\" \/><\/div>\n\t\t\t\t\t<div class=\"wc-block-grid__product-title\">Veszpr\u00e9m c\u00edmeres, piros sz\u00edn\u0171, akryl kar\u00e1csonyfag\u00f6mb<\/div>\n\t\t\t\t<\/a>\n\t\t\t\t<div class=\"wc-block-grid__product-price price\"><span class=\"woocommerce-Price-amount amount\"><bdi>2 500&nbsp;<span class=\"woocommerce-Price-currencySymbol\">&#070;&#116;<\/span><\/bdi><\/span><\/div>\n\t\t\t\t\n\t\t\t\t<div class=\"wp-block-button wc-block-grid__product-add-to-cart\"><a href=\"\/en\/wp-json\/wp\/v2\/pages\/1130?add-to-cart=8466\" aria-label=\"Add to cart: &ldquo;Veszpr\u00e9m c\u00edmeres, piros sz\u00edn\u0171, akryl kar\u00e1csonyfag\u00f6mb&rdquo;\" data-quantity=\"1\" data-product_id=\"8466\" data-product_sku=\"\" data-price=\"2500\" rel=\"nofollow\" class=\"wp-block-button__link  add_to_cart_button ajax_add_to_cart\">Add to cart<\/a><\/div>\n\t\t\t<\/li><li class=\"wc-block-grid__product\">\n\t\t\t\t<a href=\"https:\/\/handballveszpremshop.hu\/en\/termek\/epitok-kapucnis-cipzaros-piros-pulover\/\" class=\"wc-block-grid__product-link\">\n\t\t\t\t\t\n\t\t\t\t\t<div class=\"wc-block-grid__product-image\"><img loading=\"lazy\" decoding=\"async\" width=\"300\" height=\"300\" src=\"https:\/\/handballveszpremshop.hu\/wp-content\/uploads\/2025\/11\/epitok-kapucnis-z-p-pulover-300x300.jpg\" class=\"attachment-woocommerce_thumbnail size-woocommerce_thumbnail\" alt=\"\u00c9p\u00edt\u0151k kapucnis cipz\u00e1ros piros pul\u00f3ver\" srcset=\"https:\/\/handballveszpremshop.hu\/wp-content\/uploads\/2025\/11\/epitok-kapucnis-z-p-pulover-300x300.jpg 300w, https:\/\/handballveszpremshop.hu\/wp-content\/uploads\/2025\/11\/epitok-kapucnis-z-p-pulover-1024x1024.jpg 1024w, https:\/\/handballveszpremshop.hu\/wp-content\/uploads\/2025\/11\/epitok-kapucnis-z-p-pulover-150x150.jpg 150w, https:\/\/handballveszpremshop.hu\/wp-content\/uploads\/2025\/11\/epitok-kapucnis-z-p-pulover-768x768.jpg 768w, https:\/\/handballveszpremshop.hu\/wp-content\/uploads\/2025\/11\/epitok-kapucnis-z-p-pulover-600x600.jpg 600w, https:\/\/handballveszpremshop.hu\/wp-content\/uploads\/2025\/11\/epitok-kapucnis-z-p-pulover-100x100.jpg 100w, https:\/\/handballveszpremshop.hu\/wp-content\/uploads\/2025\/11\/epitok-kapucnis-z-p-pulover-460x460.jpg 460w, https:\/\/handballveszpremshop.hu\/wp-content\/uploads\/2025\/11\/epitok-kapucnis-z-p-pulover.jpg 1200w\" sizes=\"auto, (max-width: 300px) 100vw, 300px\" \/><\/div>\n\t\t\t\t\t<div class=\"wc-block-grid__product-title\">\u00c9p\u00edt\u0151k kapucnis cipz\u00e1ros piros pul\u00f3ver<\/div>\n\t\t\t\t<\/a>\n\t\t\t\t<div class=\"wc-block-grid__product-price price\"><span class=\"woocommerce-Price-amount amount\"><bdi>20 000&nbsp;<span class=\"woocommerce-Price-currencySymbol\">&#070;&#116;<\/span><\/bdi><\/span><\/div>\n\t\t\t\t\n\t\t\t\t<div class=\"wp-block-button wc-block-grid__product-add-to-cart\"><a href=\"https:\/\/handballveszpremshop.hu\/en\/termek\/epitok-kapucnis-cipzaros-piros-pulover\/\" aria-label=\"Select options for &ldquo;\u00c9p\u00edt\u0151k kapucnis cipz\u00e1ros piros pul\u00f3ver&rdquo;\" data-quantity=\"1\" data-product_id=\"7021\" data-product_sku=\"\" data-price=\"20000\" rel=\"nofollow\" class=\"wp-block-button__link  add_to_cart_button\">Select options<\/a><\/div>\n\t\t\t<\/li><li class=\"wc-block-grid__product\">\n\t\t\t\t<a href=\"https:\/\/handballveszpremshop.hu\/en\/termek\/hajra-epitok-fekete-teli-sapka\/\" class=\"wc-block-grid__product-link\">\n\t\t\t\t\t\n\t\t\t\t\t<div class=\"wc-block-grid__product-image\"><img loading=\"lazy\" decoding=\"async\" width=\"300\" height=\"300\" src=\"https:\/\/handballveszpremshop.hu\/wp-content\/uploads\/2025\/11\/h-e-fekete-teli-sapka-300x300.jpg\" class=\"attachment-woocommerce_thumbnail size-woocommerce_thumbnail\" alt=\"Hajr\u00e1 \u00c9p\u00edt\u0151k! Fekete t\u00e9li sapka\" srcset=\"https:\/\/handballveszpremshop.hu\/wp-content\/uploads\/2025\/11\/h-e-fekete-teli-sapka-300x300.jpg 300w, https:\/\/handballveszpremshop.hu\/wp-content\/uploads\/2025\/11\/h-e-fekete-teli-sapka-1024x1024.jpg 1024w, https:\/\/handballveszpremshop.hu\/wp-content\/uploads\/2025\/11\/h-e-fekete-teli-sapka-150x150.jpg 150w, https:\/\/handballveszpremshop.hu\/wp-content\/uploads\/2025\/11\/h-e-fekete-teli-sapka-768x768.jpg 768w, https:\/\/handballveszpremshop.hu\/wp-content\/uploads\/2025\/11\/h-e-fekete-teli-sapka-600x600.jpg 600w, https:\/\/handballveszpremshop.hu\/wp-content\/uploads\/2025\/11\/h-e-fekete-teli-sapka-100x100.jpg 100w, https:\/\/handballveszpremshop.hu\/wp-content\/uploads\/2025\/11\/h-e-fekete-teli-sapka-460x460.jpg 460w, https:\/\/handballveszpremshop.hu\/wp-content\/uploads\/2025\/11\/h-e-fekete-teli-sapka.jpg 1200w\" sizes=\"auto, (max-width: 300px) 100vw, 300px\" \/><\/div>\n\t\t\t\t\t<div class=\"wc-block-grid__product-title\">Hajr\u00e1 \u00c9p\u00edt\u0151k! Fekete t\u00e9li sapka<\/div>\n\t\t\t\t<\/a>\n\t\t\t\t<div class=\"wc-block-grid__product-price price\"><span class=\"woocommerce-Price-amount amount\"><bdi>7 000&nbsp;<span class=\"woocommerce-Price-currencySymbol\">&#070;&#116;<\/span><\/bdi><\/span><\/div>\n\t\t\t\t\n\t\t\t\t<div class=\"wp-block-button wc-block-grid__product-add-to-cart\"><a href=\"\/en\/wp-json\/wp\/v2\/pages\/1130?add-to-cart=7054\" aria-label=\"Add to cart: &ldquo;Hajr\u00e1 \u00c9p\u00edt\u0151k! Fekete t\u00e9li sapka&rdquo;\" data-quantity=\"1\" data-product_id=\"7054\" data-product_sku=\"\" data-price=\"7000\" rel=\"nofollow\" class=\"wp-block-button__link  add_to_cart_button ajax_add_to_cart\">Add to cart<\/a><\/div>\n\t\t\t<\/li><\/ul><\/div><\/div>\n<\/div>\n","protected":false},"excerpt":{"rendered":"","protected":false},"author":1,"featured_media":0,"parent":0,"menu_order":0,"comment_status":"closed","ping_status":"closed","template":"","meta":{"_acf_changed":false,"footnotes":""},"class_list":["post-1130","page","type-page","status-publish","hentry"],"acf":[],"_links":{"self":[{"href":"https:\/\/handballveszpremshop.hu\/en\/wp-json\/wp\/v2\/pages\/1130","targetHints":{"allow":["GET"]}}],"collection":[{"href":"https:\/\/handballveszpremshop.hu\/en\/wp-json\/wp\/v2\/pages"}],"about":[{"href":"https:\/\/handballveszpremshop.hu\/en\/wp-json\/wp\/v2\/types\/page"}],"author":[{"embeddable":true,"href":"https:\/\/handballveszpremshop.hu\/en\/wp-json\/wp\/v2\/users\/1"}],"replies":[{"embeddable":true,"href":"https:\/\/handballveszpremshop.hu\/en\/wp-json\/wp\/v2\/comments?post=1130"}],"version-history":[{"count":0,"href":"https:\/\/handballveszpremshop.hu\/en\/wp-json\/wp\/v2\/pages\/1130\/revisions"}],"wp:attachment":[{"href":"https:\/\/handballveszpremshop.hu\/en\/wp-json\/wp\/v2\/media?parent=1130"}],"curies":[{"name":"wp","href":"https:\/\/api.w.org\/{rel}","templated":true}]}}